{"id":4,"date":"2013-07-31T16:13:02","date_gmt":"2013-07-31T14:13:02","guid":{"rendered":"http:\/\/wp.eutingen-lebt.de\/?page_id=4"},"modified":"2024-07-24T23:12:06","modified_gmt":"2024-07-24T21:12:06","slug":"startseite","status":"publish","type":"page","link":"https:\/\/www.eutingen-lebt.de\/","title":{"rendered":"Startseite"},"content":{"rendered":"<p>Vor dem Hintergrund der sehr angespannten Finanzen der \u00f6ffentlichen Kassen und hier besonders der Gemeinden haben es sich Eutinger B\u00fcrger zur Aufgabe gemacht, durch finanzielle Zuwendungen und eigene Veranstaltungen das kulturelle, sportliche und gesellschaftliche Leben in unserem Ortsteil aufrecht zu erhalten, zu f\u00f6rdern und zu pflegen.<\/p>\n<p>Um diesem Auftrag gerecht werden zu k\u00f6nnen, haben diese Mitb\u00fcrger den Verein <strong>Eutingen lebt \u2013 Eule<\/strong> gegr\u00fcndet. Nach unserer Satzung handelt es bei der &#8222;Eule&#8220; um einen F\u00f6rderverein f\u00fcr o.a. Zwecke, der sich durch Mitgliedsbeitr\u00e4ge, Spenden und Sponsoring die erforderlichen Mittel beschafft und diese -auch in Kooperation mit der Ortsverwaltung &#8211; f\u00fcr sinnvolle Projekte im Stadtteil Eutingen einsetzt. Ebenso werden die Mittel f\u00fcr gesellschaftsf\u00f6rdernde Veranstaltungen verwendet.<\/p>\n<p>Es ist ein wichtiges Anliegen der Vereinsverantwortlichen, einen m\u00f6glichst gro\u00dfen F\u00f6rderkreis zur Erreichung der Vereinsziele zu gewinnen. Dazu ist ein gro\u00dfer Mitgliederstamm erforderlich. Wie sch\u00f6n w\u00e4re es, wenn der Verein \u201eEutingen lebt\u201c auch von Ihnen akzeptiert und angenommen w\u00fcrde. Bitte helfen Sie uns durch Ihre Mitgliedschaft, das gesellschaftliche Leben in Eutingen zu f\u00f6rdern und zu pflegen. Ihr Beitrag kommt auf jeden Fall der Allgemeinheit zugute. Denn es ist abzusehen, dass (beispielsweise) die Ortsteilkonzerte des S\u00fcdwestdeutschen Kammerorchesters (oder anderer Gruppen), die Ausstellungen von kreativen Mitb\u00fcrgern, der Blumenschmuckwettbewerb, die Kinderferienwoche und mannigfaltige soziale Aufgaben (z.B. Freizeiteinrichtungen) ohne unsere Unterst\u00fctzung zumindest im bisherigen Umfang nicht mehr durchgef\u00fchrt werden k\u00f6nnen. Entscheiden Sie sich bitte f\u00fcr eine Mitgliedschaft zum Wohle unserer Eutinger Gemeinschaft und f\u00fcllen den Aufnahmeantrag aus. Die Mitgliedschaft ist f\u00fcr jedermann erschwinglich und leistet einen wertvollen Beitrag f\u00fcr das Leben in unserem Stadtteil.<\/p>\n<p>Die aktuelle Vorstandschaft:<\/p>\n<p>Vorsitzender: Oliver J\u00e4ger\u00a0\u00a0 2. Vorsitzender: Andreas Vollmer\u00a0 Schatzmeister: Bernhard Conle Verwaltungsbeirat: Birgit Bittmann, Karl-Heinz Bossert, Sabine Speidel, Klaus Ferdinand Weitmann (Ehrenvorsitzender)<\/p>\n<p><a href=\"https:\/\/www.eutingen-lebt.de\/wp-content\/uploads\/aufnahmeantrag.pdf\" target=\"_blank\" rel=\"noopener noreferrer\">Aufnahmeantrag<\/a><\/p>\n<p><a title=\"Satzung\" href=\"https:\/\/www.eutingen-lebt.de\/?page_id=556\">Satzung<\/a><\/p>\n<p><span style=\"color: #ff0000;\">\u00a0<\/span><\/p>\n","protected":false},"excerpt":{"rendered":"<p>Vor dem Hintergrund der sehr angespannten Finanzen der \u00f6ffentlichen Kassen und hier besonders der Gemeinden haben es sich Eutinger B\u00fcrger zur Aufgabe gemacht, durch finanzielle Zuwendungen und eigene Veranstaltungen das kulturelle, sportliche und gesellschaftliche Leben in unserem Ortsteil aufrecht zu&hellip; <\/p>\n","protected":false},"author":1,"featured_media":346,"parent":0,"menu_order":0,"comment_status":"closed","ping_status":"open","template":"","meta":{"footnotes":""},"class_list":["post-4","page","type-page","status-publish","has-post-thumbnail","hentry"],"_links":{"self":[{"href":"https:\/\/www.eutingen-lebt.de\/index.php?rest_route=\/wp\/v2\/pages\/4","targetHints":{"allow":["GET"]}}],"collection":[{"href":"https:\/\/www.eutingen-lebt.de\/index.php?rest_route=\/wp\/v2\/pages"}],"about":[{"href":"https:\/\/www.eutingen-lebt.de\/index.php?rest_route=\/wp\/v2\/types\/page"}],"author":[{"embeddable":true,"href":"https:\/\/www.eutingen-lebt.de\/index.php?rest_route=\/wp\/v2\/users\/1"}],"replies":[{"embeddable":true,"href":"https:\/\/www.eutingen-lebt.de\/index.php?rest_route=%2Fwp%2Fv2%2Fcomments&post=4"}],"version-history":[{"count":28,"href":"https:\/\/www.eutingen-lebt.de\/index.php?rest_route=\/wp\/v2\/pages\/4\/revisions"}],"predecessor-version":[{"id":2046,"href":"https:\/\/www.eutingen-lebt.de\/index.php?rest_route=\/wp\/v2\/pages\/4\/revisions\/2046"}],"wp:featuredmedia":[{"embeddable":true,"href":"https:\/\/www.eutingen-lebt.de\/index.php?rest_route=\/wp\/v2\/media\/346"}],"wp:attachment":[{"href":"https:\/\/www.eutingen-lebt.de\/index.php?rest_route=%2Fwp%2Fv2%2Fmedia&parent=4"}],"curies":[{"name":"wp","href":"https:\/\/api.w.org\/{rel}","templated":true}]}}